{"id":862,"date":"2016-10-20T15:29:53","date_gmt":"2016-10-20T15:29:53","guid":{"rendered":"https:\/\/catinasquare.thankium.productions\/politica-de-privacidad\/"},"modified":"2022-02-11T10:28:46","modified_gmt":"2022-02-11T10:28:46","slug":"privacidad","status":"publish","type":"page","link":"https:\/\/catinasquare.thankium.productions\/es\/privacidad\/","title":{"rendered":"Pol\u00edtica de privacidad"},"content":{"rendered":"<div class=\"wpb-content-wrapper\"><p>[vc_row row_type=\u00bbrow\u00bb use_row_as_full_screen_section=\u00bbno\u00bb type=\u00bbfull_width\u00bb angled_section=\u00bbno\u00bb text_align=\u00bbleft\u00bb background_image_as_pattern=\u00bbwithout_pattern\u00bb css_animation=\u00bb\u00bb][vc_column][vc_column_text]<\/p>\n<h2>Condiciones del Servicio y Pol\u00edtica de Privacidad<\/h2>\n<p>&nbsp;<\/p>\n<h4>1. T\u00e9rminos<\/h4>\n<p>Al acceder al sitio web en <a href=\"https:\/\/catinasquare.thankium.productions\/es\/\"> https:\/\/catinasquare.thankium.productions\/ <\/a>, usted acepta estar sujeto a estos t\u00e9rminos de servicio, todas las leyes y regulaciones aplicables, y acepta que usted es responsable del cumplimiento de las leyes locales aplicables. Si no est\u00e1 de acuerdo con alguno de estos t\u00e9rminos, tendr\u00e1 prohibido utilizar o acceder a este sitio. Los materiales contenidos en este sitio web est\u00e1n protegidos por la ley aplicable de derechos de autor y marcas comerciales.<\/p>\n<h4>2. Licencia de Uso<\/h4>\n<ol type=\"a\">\n<li>Se concede permiso para descargar temporalmente una copia de los materiales (informaci\u00f3n o software) en el sitio web de Cat in a Square para visualizaci\u00f3n transitoria personal y no comercial. Esta es la concesi\u00f3n de una licencia, no una transferencia de t\u00edtulo, y bajo esta licencia usted no puede:\n<ol type=\"i\">\n<li>modificar o copiar los materiales;<\/li>\n<li>utilizar los materiales para cualquier prop\u00f3sito comercial, o para cualquier exhibici\u00f3n p\u00fablica (comercial o no comercial);<\/li>\n<li>intentar descompilar o aplicar ingenier\u00eda inversa a cualquier software contenido en el sitio web de Cat in a Square;<\/li>\n<li>eliminar cualquier copyright u otras notaciones de propiedad de los materiales; o<\/li>\n<li>transferir los materiales a otra persona o \u00abreplicar\u00bb los materiales en cualquier otro servidor.<\/li>\n<\/ol>\n<\/li>\n<li>Esta licencia terminar\u00e1 autom\u00e1ticamente si incumple cualquiera de estas restricciones y Cat in a Square la puede cancelar en cualquier momento. Al finalizar su visualizaci\u00f3n de estos materiales o al finalizar esta licencia, debe destruir cualquier material descargado en su posesi\u00f3n, ya sea en formato electr\u00f3nico o impreso.<\/li>\n<\/ol>\n<p>&nbsp;<\/p>\n<h4>3. Disclaimer<\/h4>\n<ol type=\"a\">\n<li>Los materiales en el sitio web de Cat in a Square se proporcionan \u00abtal cual\u00bb. Cat in a Square no ofrece garant\u00edas, expl\u00edcitas o impl\u00edcitas, y por este medio renuncia y niega todas las dem\u00e1s garant\u00edas, incluidas, entre otras, garant\u00edas impl\u00edcitas o condiciones de comerciabilidad, idoneidad para un prop\u00f3sito particular o no infracci\u00f3n de propiedad intelectual u otra violaci\u00f3n de derechos .<\/li>\n<li>Adem\u00e1s, Cat in a Square no garantiza ni hace ninguna representaci\u00f3n con respecto a la exactitud, los resultados probables o la confiabilidad del uso de los materiales en su sitio web o relacionados con dichos materiales o en cualquier sitio vinculado a este sitio.<\/li>\n<\/ol>\n<p>&nbsp;<\/p>\n<h4>4. Limitaciones<\/h4>\n<p>En ning\u00fan caso, Cat in a Square o sus proveedores ser\u00e1n responsables de los da\u00f1os (incluidos, entre otros, los da\u00f1os por p\u00e9rdida de datos o beneficios, o por interrupci\u00f3n del negocio) que surjan del uso o la imposibilidad de utilizar los materiales en el sitio web de Cat in a Square, incluso si el representante autorizado de Cat in a Square o Cat in a Square ha sido notificado oralmente o por escrito sobre la posibilidad de tal da\u00f1o. Debido a que algunas jurisdicciones no permiten limitaciones sobre garant\u00edas impl\u00edcitas, o limitaciones de responsabilidad por da\u00f1os consecuentes o incidentales, estas limitaciones pueden no aplicarse a usted.<\/p>\n<h4>5. Precisi\u00f3n de los Materiales<\/h4>\n<p>Los materiales que aparecen en el sitio web de Cat in a Square podr\u00edan incluir errores t\u00e9cnicos, tipogr\u00e1ficos o fotogr\u00e1ficos. Cat in a Square no garantiza que ninguno de los materiales en su sitio web sea preciso, completo o actual. Cat in a Square puede realizar cambios en los materiales contenidos en su sitio web en cualquier momento sin previo aviso. Sin embargo, Cat in a Square no se compromete a actualizar los materiales.<\/p>\n<h4>6. Links<\/h4>\n<p>Cat in a Square no ha revisado todos los sitios vinculados a su sitio web y no es responsable de los contenidos de ninguno de dichos sitios vinculados. La inclusi\u00f3n de cualquier enlace no implica el respaldo de Cat en un cuadrado del sitio. El uso de cualquier sitio web vinculado es bajo el propio riesgo del usuario.<\/p>\n<h4>7. Modificaciones<\/h4>\n<p>Cat in a Square puede revisar estos t\u00e9rminos de servicio para su sitio web en cualquier momento sin previo aviso. Al utilizar este sitio web, usted acepta estar sujeto a la actual versi\u00f3n de estos t\u00e9rminos de servicio.<\/p>\n<h4>8. Ley Aplicable<\/h4>\n<p>Estos t\u00e9rminos y condiciones se rigen y se interpretan de conformidad con las leyes de Espa\u00f1a y usted se somete irrevocablemente a la jurisdicci\u00f3n exclusiva de los tribunales en ese Estado o lugar.<\/p>\n<h2>Pol\u00edtica de Privacidad<\/h2>\n<p>Su privacidad es importante para nosotros.<br \/>\nEs pol\u00edtica de Cat in a Square respetar su privacidad con respecto a cualquier informaci\u00f3n que podamos recopilar al operar nuestro sitio web. En consecuencia, hemos desarrollado esta pol\u00edtica de privacidad para que comprenda c\u00f3mo recopilamos, utilizamos, comunicamos, divulgamos y hacemos uso de la informaci\u00f3n personal. Hemos resumido nuestra pol\u00edtica de privacidad a continuaci\u00f3n.<\/p>\n<ul>\n<li>Recopilaremos informaci\u00f3n personal por medios legales y justos y, cuando corresponda, con el conocimiento o consentimiento de la persona interesada.<\/li>\n<li>Antes o en el momento de recopilar informaci\u00f3n personal, identificaremos los prop\u00f3sitos para los cuales se recopila la informaci\u00f3n.<\/li>\n<li>Recopilaremos y usaremos informaci\u00f3n personal \u00fanicamente para cumplir con los fines especificados por nosotros y para otros fines auxiliares, a menos que obtengamos el consentimiento del individuo en cuesti\u00f3n o seg\u00fan lo exija la ley.<\/li>\n<li>Los datos personales deben ser relevantes para los fines para los que se utilizar\u00e1n y, en la medida necesaria para esos fines, deben ser precisos, completos y actualizados.<\/li>\n<li>Protegeremos la informaci\u00f3n personal mediante el uso de protecciones de seguridad razonables contra p\u00e9rdida o robo, as\u00ed como el acceso no autorizado, divulgaci\u00f3n, copia, uso o modificaci\u00f3n.<\/li>\n<li>Pondremos a disposici\u00f3n de los clientes informaci\u00f3n sobre nuestras pol\u00edticas y pr\u00e1cticas relacionadas con la gesti\u00f3n de la informaci\u00f3n personal.<\/li>\n<li>Solo retendremos informaci\u00f3n personal durante el tiempo que sea necesario para el cumplimiento de dichos prop\u00f3sitos.<\/li>\n<\/ul>\n<p>Nos comprometemos a realizar nuestros negocios de acuerdo con estos principios a fin de garantizar que se proteja y mantenga la confidencialidad de la informaci\u00f3n personal. Cat in a Square puede cambiar esta pol\u00edtica de privacidad de vez en cuando a la exclusiva discreci\u00f3n de Cat in Square.<\/p>\n<p>Para m\u00e1s informaci\u00f3n, p\u00f3ngase en contacto con nosotros en <a href=\"mailto:info@catinasquare.com\">info@catinasquare.com<\/a>[\/vc_column_text][vc_empty_space height=\u00bb64&#8243;][\/vc_column][\/vc_row]<\/p>\n<\/div>","protected":false},"excerpt":{"rendered":"<p>[vc_row row_type=\u00bbrow\u00bb use_row_as_full_screen_section=\u00bbno\u00bb type=\u00bbfull_width\u00bb angled_section=\u00bbno\u00bb text_align=\u00bbleft\u00bb background_image_as_pattern=\u00bbwithout_pattern\u00bb css_animation=\u00bb\u00bb][vc_column][vc_column_text] Condiciones del Servicio y Pol\u00edtica de Privacidad &nbsp; 1. T\u00e9rminos Al acceder al sitio web en https:\/\/catinasquare.thankium.productions\/ , usted acepta estar sujeto a estos t\u00e9rminos de servicio, todas las leyes y regulaciones aplicables, y acepta que usted&#8230;<\/p>\n","protected":false},"author":2,"featured_media":0,"parent":0,"menu_order":0,"comment_status":"closed","ping_status":"closed","template":"","meta":{"footnotes":""},"class_list":["post-862","page","type-page","status-publish","hentry"],"yoast_head":"<!-- This site is optimized with the Yoast SEO plugin v26.1.1 - https:\/\/yoast.com\/wordpress\/plugins\/seo\/ -->\n<title>Pol\u00edtica de Privacidad | Cat in a Square - Architecture &amp; Real State<\/title>\n<meta name=\"description\" content=\"Su privacidad es importante para nosotros. La pol\u00edtica de privacidad de Cat in a Square respeta su privacidad con respecto a cualquier informaci\u00f3n que podamos recopilar al operar nuestro sitio web.\" \/>\n<meta name=\"robots\" content=\"noindex, follow, max-snippet:-1, max-image-preview:large, max-video-preview:-1\" \/>\n<meta property=\"og:locale\" content=\"es_ES\" \/>\n<meta property=\"og:type\" content=\"article\" \/>\n<meta property=\"og:title\" content=\"Pol\u00edtica de Privacidad | Cat in a Square - Architecture &amp; Real State\" \/>\n<meta property=\"og:description\" content=\"Su privacidad es importante para nosotros. La pol\u00edtica de privacidad de Cat in a Square respeta su privacidad con respecto a cualquier informaci\u00f3n que podamos recopilar al operar nuestro sitio web.\" \/>\n<meta property=\"og:url\" content=\"https:\/\/catinasquare.thankium.productions\/es\/privacidad\/\" \/>\n<meta property=\"og:site_name\" content=\"Cat in a Square\" \/>\n<meta property=\"article:modified_time\" content=\"2022-02-11T10:28:46+00:00\" \/>\n<meta name=\"twitter:card\" content=\"summary_large_image\" \/>\n<meta name=\"twitter:label1\" content=\"Tiempo de lectura\" \/>\n\t<meta name=\"twitter:data1\" content=\"5 minutos\" \/>\n<script type=\"application\/ld+json\" class=\"yoast-schema-graph\">{\"@context\":\"https:\/\/schema.org\",\"@graph\":[{\"@type\":\"WebPage\",\"@id\":\"https:\/\/catinasquare.thankium.productions\/es\/privacidad\/\",\"url\":\"https:\/\/catinasquare.thankium.productions\/es\/privacidad\/\",\"name\":\"Pol\u00edtica de Privacidad | Cat in a Square - Architecture & Real State\",\"isPartOf\":{\"@id\":\"https:\/\/catinasquare.thankium.productions\/#website\"},\"datePublished\":\"2016-10-20T15:29:53+00:00\",\"dateModified\":\"2022-02-11T10:28:46+00:00\",\"description\":\"Su privacidad es importante para nosotros. La pol\u00edtica de privacidad de Cat in a Square respeta su privacidad con respecto a cualquier informaci\u00f3n que podamos recopilar al operar nuestro sitio web.\",\"breadcrumb\":{\"@id\":\"https:\/\/catinasquare.thankium.productions\/es\/privacidad\/#breadcrumb\"},\"inLanguage\":\"es\",\"potentialAction\":[{\"@type\":\"ReadAction\",\"target\":[\"https:\/\/catinasquare.thankium.productions\/es\/privacidad\/\"]}]},{\"@type\":\"BreadcrumbList\",\"@id\":\"https:\/\/catinasquare.thankium.productions\/es\/privacidad\/#breadcrumb\",\"itemListElement\":[{\"@type\":\"ListItem\",\"position\":1,\"name\":\"Portada\",\"item\":\"https:\/\/catinasquare.thankium.productions\/es\/\"},{\"@type\":\"ListItem\",\"position\":2,\"name\":\"Pol\u00edtica de privacidad\"}]},{\"@type\":\"WebSite\",\"@id\":\"https:\/\/catinasquare.thankium.productions\/#website\",\"url\":\"https:\/\/catinasquare.thankium.productions\/\",\"name\":\"Cat in a Square\",\"description\":\"Architecture and interiors\",\"publisher\":{\"@id\":\"https:\/\/catinasquare.thankium.productions\/#organization\"},\"potentialAction\":[{\"@type\":\"SearchAction\",\"target\":{\"@type\":\"EntryPoint\",\"urlTemplate\":\"https:\/\/catinasquare.thankium.productions\/?s={search_term_string}\"},\"query-input\":{\"@type\":\"PropertyValueSpecification\",\"valueRequired\":true,\"valueName\":\"search_term_string\"}}],\"inLanguage\":\"es\"},{\"@type\":\"Organization\",\"@id\":\"https:\/\/catinasquare.thankium.productions\/#organization\",\"name\":\"Cat in a Square\",\"url\":\"https:\/\/catinasquare.thankium.productions\/\",\"logo\":{\"@type\":\"ImageObject\",\"inLanguage\":\"es\",\"@id\":\"https:\/\/catinasquare.thankium.productions\/#\/schema\/logo\/image\/\",\"url\":\"https:\/\/catinasquare.thankium.productions\/wp-content\/uploads\/2016\/09\/cat-in-a-square-logo.png\",\"contentUrl\":\"https:\/\/catinasquare.thankium.productions\/wp-content\/uploads\/2016\/09\/cat-in-a-square-logo.png\",\"width\":375,\"height\":153,\"caption\":\"Cat in a Square\"},\"image\":{\"@id\":\"https:\/\/catinasquare.thankium.productions\/#\/schema\/logo\/image\/\"}}]}<\/script>\n<!-- \/ Yoast SEO plugin. -->","yoast_head_json":{"title":"Pol\u00edtica de Privacidad | Cat in a Square - Architecture & Real State","description":"Su privacidad es importante para nosotros. La pol\u00edtica de privacidad de Cat in a Square respeta su privacidad con respecto a cualquier informaci\u00f3n que podamos recopilar al operar nuestro sitio web.","robots":{"index":"noindex","follow":"follow","max-snippet":"max-snippet:-1","max-image-preview":"max-image-preview:large","max-video-preview":"max-video-preview:-1"},"og_locale":"es_ES","og_type":"article","og_title":"Pol\u00edtica de Privacidad | Cat in a Square - Architecture & Real State","og_description":"Su privacidad es importante para nosotros. La pol\u00edtica de privacidad de Cat in a Square respeta su privacidad con respecto a cualquier informaci\u00f3n que podamos recopilar al operar nuestro sitio web.","og_url":"https:\/\/catinasquare.thankium.productions\/es\/privacidad\/","og_site_name":"Cat in a Square","article_modified_time":"2022-02-11T10:28:46+00:00","twitter_card":"summary_large_image","twitter_misc":{"Tiempo de lectura":"5 minutos"},"schema":{"@context":"https:\/\/schema.org","@graph":[{"@type":"WebPage","@id":"https:\/\/catinasquare.thankium.productions\/es\/privacidad\/","url":"https:\/\/catinasquare.thankium.productions\/es\/privacidad\/","name":"Pol\u00edtica de Privacidad | Cat in a Square - Architecture & Real State","isPartOf":{"@id":"https:\/\/catinasquare.thankium.productions\/#website"},"datePublished":"2016-10-20T15:29:53+00:00","dateModified":"2022-02-11T10:28:46+00:00","description":"Su privacidad es importante para nosotros. La pol\u00edtica de privacidad de Cat in a Square respeta su privacidad con respecto a cualquier informaci\u00f3n que podamos recopilar al operar nuestro sitio web.","breadcrumb":{"@id":"https:\/\/catinasquare.thankium.productions\/es\/privacidad\/#breadcrumb"},"inLanguage":"es","potentialAction":[{"@type":"ReadAction","target":["https:\/\/catinasquare.thankium.productions\/es\/privacidad\/"]}]},{"@type":"BreadcrumbList","@id":"https:\/\/catinasquare.thankium.productions\/es\/privacidad\/#breadcrumb","itemListElement":[{"@type":"ListItem","position":1,"name":"Portada","item":"https:\/\/catinasquare.thankium.productions\/es\/"},{"@type":"ListItem","position":2,"name":"Pol\u00edtica de privacidad"}]},{"@type":"WebSite","@id":"https:\/\/catinasquare.thankium.productions\/#website","url":"https:\/\/catinasquare.thankium.productions\/","name":"Cat in a Square","description":"Architecture and interiors","publisher":{"@id":"https:\/\/catinasquare.thankium.productions\/#organization"},"potentialAction":[{"@type":"SearchAction","target":{"@type":"EntryPoint","urlTemplate":"https:\/\/catinasquare.thankium.productions\/?s={search_term_string}"},"query-input":{"@type":"PropertyValueSpecification","valueRequired":true,"valueName":"search_term_string"}}],"inLanguage":"es"},{"@type":"Organization","@id":"https:\/\/catinasquare.thankium.productions\/#organization","name":"Cat in a Square","url":"https:\/\/catinasquare.thankium.productions\/","logo":{"@type":"ImageObject","inLanguage":"es","@id":"https:\/\/catinasquare.thankium.productions\/#\/schema\/logo\/image\/","url":"https:\/\/catinasquare.thankium.productions\/wp-content\/uploads\/2016\/09\/cat-in-a-square-logo.png","contentUrl":"https:\/\/catinasquare.thankium.productions\/wp-content\/uploads\/2016\/09\/cat-in-a-square-logo.png","width":375,"height":153,"caption":"Cat in a Square"},"image":{"@id":"https:\/\/catinasquare.thankium.productions\/#\/schema\/logo\/image\/"}}]}},"_links":{"self":[{"href":"https:\/\/catinasquare.thankium.productions\/es\/wp-json\/wp\/v2\/pages\/862","targetHints":{"allow":["GET"]}}],"collection":[{"href":"https:\/\/catinasquare.thankium.productions\/es\/wp-json\/wp\/v2\/pages"}],"about":[{"href":"https:\/\/catinasquare.thankium.productions\/es\/wp-json\/wp\/v2\/types\/page"}],"author":[{"embeddable":true,"href":"https:\/\/catinasquare.thankium.productions\/es\/wp-json\/wp\/v2\/users\/2"}],"replies":[{"embeddable":true,"href":"https:\/\/catinasquare.thankium.productions\/es\/wp-json\/wp\/v2\/comments?post=862"}],"version-history":[{"count":2,"href":"https:\/\/catinasquare.thankium.productions\/es\/wp-json\/wp\/v2\/pages\/862\/revisions"}],"predecessor-version":[{"id":995,"href":"https:\/\/catinasquare.thankium.productions\/es\/wp-json\/wp\/v2\/pages\/862\/revisions\/995"}],"wp:attachment":[{"href":"https:\/\/catinasquare.thankium.productions\/es\/wp-json\/wp\/v2\/media?parent=862"}],"curies":[{"name":"wp","href":"https:\/\/api.w.org\/{rel}","templated":true}]}}